{"id":1035,"date":"2024-03-13T05:37:57","date_gmt":"2024-03-13T04:37:57","guid":{"rendered":"https:\/\/kdnetsystem.pl\/strona\/?page_id=1035"},"modified":"2024-04-02T13:16:56","modified_gmt":"2024-04-02T11:16:56","slug":"oferta","status":"publish","type":"page","link":"https:\/\/kdnetsystem.pl\/strona\/oferta\/","title":{"rendered":"Oferta"},"content":{"rendered":"\t\t<div data-elementor-type=\"wp-page\" data-elementor-id=\"1035\" class=\"elementor elementor-1035\">\n\t\t\t\t<div class=\"elementor-element elementor-element-186ed2ed e-con-full e-flex e-con e-parent\" data-id=\"186ed2ed\" data-element_type=\"container\" data-settings=\"{&quot;background_background&quot;:&quot;gradient&quot;}\" data-core-v316-plus=\"true\">\n\t\t\t\t<div class=\"elementor-element elementor-element-2daedc8b elementor-widget elementor-widget-heading\" data-id=\"2daedc8b\" data-element_type=\"widget\" data-widget_type=\"heading.default\">\n\t\t\t\t<div class=\"elementor-widget-container\">\n\t\t\t<style>\/*! elementor - v3.20.0 - 13-03-2024 *\/\n.elementor-heading-title{padding:0;margin:0;line-height:1}.elementor-widget-heading .elementor-heading-title[class*=elementor-size-]>a{color:inherit;font-size:inherit;line-height:inherit}.elementor-widget-heading .elementor-heading-title.elementor-size-small{font-size:15px}.elementor-widget-heading .elementor-heading-title.elementor-size-medium{font-size:19px}.elementor-widget-heading .elementor-heading-title.elementor-size-large{font-size:29px}.elementor-widget-heading .elementor-heading-title.elementor-size-xl{font-size:39px}.elementor-widget-heading .elementor-heading-title.elementor-size-xxl{font-size:59px}<\/style><h2 class=\"elementor-heading-title elementor-size-default\">Nasza oferta:<\/h2>\t\t<\/div>\n\t\t\t\t<\/div>\n\t\t\t\t<\/div>\n\t\t<div class=\"elementor-element elementor-element-52a9e3ab e-grid e-con-full e-con e-parent\" data-id=\"52a9e3ab\" data-element_type=\"container\" data-settings=\"{&quot;background_background&quot;:&quot;classic&quot;}\" data-core-v316-plus=\"true\">\n\t\t\t\t<div class=\"elementor-element elementor-element-c9abfba elementor-widget__width-inherit elementor-widget elementor-widget-image\" data-id=\"c9abfba\" data-element_type=\"widget\" data-widget_type=\"image.default\">\n\t\t\t\t<div class=\"elementor-widget-container\">\n\t\t\t<style>\/*! elementor - v3.20.0 - 13-03-2024 *\/\n.elementor-widget-image{text-align:center}.elementor-widget-image a{display:inline-block}.elementor-widget-image a img[src$=\".svg\"]{width:48px}.elementor-widget-image img{vertical-align:middle;display:inline-block}<\/style>\t\t\t\t\t\t\t\t\t\t<img fetchpriority=\"high\" decoding=\"async\" width=\"605\" height=\"351\" src=\"https:\/\/kdnetsystem.pl\/strona\/wp-content\/uploads\/2024\/03\/Runway-2024-03-13T02_15_57.208Z-Erase-and-Replace-skasowac-napisy-e1710602697184.jpg\" class=\"elementor-animation-grow attachment-large size-large wp-image-1196\" alt=\"\" \/>\t\t\t\t\t\t\t\t\t\t\t\t\t<\/div>\n\t\t\t\t<\/div>\n\t\t\t\t<div class=\"elementor-element elementor-element-35465e1 animated-slow elementor-invisible elementor-widget elementor-widget-text-editor\" data-id=\"35465e1\" data-element_type=\"widget\" data-settings=\"{&quot;_animation&quot;:&quot;fadeInRight&quot;,&quot;_animation_delay&quot;:10}\" data-widget_type=\"text-editor.default\">\n\t\t\t\t<div class=\"elementor-widget-container\">\n\t\t\t<style>\/*! elementor - v3.20.0 - 13-03-2024 *\/\n.elementor-widget-text-editor.elementor-drop-cap-view-stacked .elementor-drop-cap{background-color:#69727d;color:#fff}.elementor-widget-text-editor.elementor-drop-cap-view-framed .elementor-drop-cap{color:#69727d;border:3px solid;background-color:transparent}.elementor-widget-text-editor:not(.elementor-drop-cap-view-default) .elementor-drop-cap{margin-top:8px}.elementor-widget-text-editor:not(.elementor-drop-cap-view-default) .elementor-drop-cap-letter{width:1em;height:1em}.elementor-widget-text-editor .elementor-drop-cap{float:left;text-align:center;line-height:1;font-size:50px}.elementor-widget-text-editor .elementor-drop-cap-letter{display:inline-block}<\/style>\t\t\t\t<h2><strong>Monitoring- pe\u0142ny nadz\u00f3r dzi\u0119ki naszym rozwi\u0105zaniom<\/strong><\/h2><p>Oferujemy kompleksowe us\u0142ugi monitoringu, kt\u00f3re pozwalaj\u0105 Ci mie\u0107 pe\u0142n\u0105 kontrol\u0119 nad swoim otoczeniem. Dzi\u0119ki zaawansowanym systemom monitoringu, mo\u017cesz mie\u0107 pewno\u015b\u0107, \u017ce Tw\u00f3j dom, biuro lub firma s\u0105 stale pod kontrol\u0105.<\/p><p>Do\u015bwiadczeni specjali\u015bci pomog\u0105 Ci dobra\u0107 odpowiednie rozwi\u0105zania monitoringu, dopasowane do Twoich konkretnych potrzeb i wymaga\u0144. Nasze systemy monitoringu pozwalaj\u0105 na bie\u017c\u0105ce \u015bledzenie sytuacji oraz szybk\u0105 reakcj\u0119 w przypadku wyst\u0105pienia zagro\u017ce\u0144.<\/p><p>Niezale\u017cnie od tego czy potrzebujesz monitorowa\u0107 teren wewn\u0119trzny czy zewn\u0119trzny, nasze rozwi\u0105zania zapewni\u0105 Ci spok\u00f3j umys\u0142u i poczucie bezpiecze\u0144stwa. Skontaktuj si\u0119 z nami ju\u017c dzi\u015b, aby uzyska\u0107 wi\u0119cej informacji i do\u015bwiadczy\u0107 kompleksowej ochrony dzi\u0119ki naszym us\u0142ugom monitoringu.<\/p>\t\t\t\t\t\t<\/div>\n\t\t\t\t<\/div>\n\t\t\t\t<div class=\"elementor-element elementor-element-57215b59 elementor-widget__width-inherit elementor-widget elementor-widget-image\" data-id=\"57215b59\" data-element_type=\"widget\" data-widget_type=\"image.default\">\n\t\t\t\t<div class=\"elementor-widget-container\">\n\t\t\t\t\t\t\t\t\t\t\t\t\t<img decoding=\"async\" width=\"1024\" height=\"515\" src=\"https:\/\/kdnetsystem.pl\/strona\/wp-content\/uploads\/2024\/03\/satel-1024x515.jpg\" class=\"elementor-animation-grow attachment-large size-large wp-image-1185\" alt=\"\" srcset=\"https:\/\/kdnetsystem.pl\/strona\/wp-content\/uploads\/2024\/03\/satel-1024x515.jpg 1024w, https:\/\/kdnetsystem.pl\/strona\/wp-content\/uploads\/2024\/03\/satel-300x151.jpg 300w, https:\/\/kdnetsystem.pl\/strona\/wp-content\/uploads\/2024\/03\/satel-768x386.jpg 768w, https:\/\/kdnetsystem.pl\/strona\/wp-content\/uploads\/2024\/03\/satel-1200x605.jpg 1200w, https:\/\/kdnetsystem.pl\/strona\/wp-content\/uploads\/2024\/03\/satel.jpg 1203w\" sizes=\"(max-width: 1024px) 100vw, 1024px\" \/>\t\t\t\t\t\t\t\t\t\t\t\t\t<\/div>\n\t\t\t\t<\/div>\n\t\t\t\t<div class=\"elementor-element elementor-element-22c15a29 animated-slow elementor-invisible elementor-widget elementor-widget-text-editor\" data-id=\"22c15a29\" data-element_type=\"widget\" data-settings=\"{&quot;_animation&quot;:&quot;fadeInLeft&quot;,&quot;_animation_delay&quot;:10}\" data-widget_type=\"text-editor.default\">\n\t\t\t\t<div class=\"elementor-widget-container\">\n\t\t\t\t\t\t\t<h2>Alarm- spok\u00f3j umys\u0142u dzi\u0119ki naszym rozwi\u0105zaniom alarmowym<\/h2><p>Nasze niezawodne\u00a0 rozwi\u0105zania alarmowe oferuj\u0105\u00a0 ochron\u0119 dla Twojego domu, biura lub firmy. Dzi\u0119ki zaawansowanej technologii i skutecznej detekcji, nasze systemy alarmowe zapewniaj\u0105 szybk\u0105 reakcj\u0119 na wszelkie niebezpiecze\u0144stwa, zwi\u0119kszaj\u0105c poziom bezpiecze\u0144stwa Twojej przestrzeni.<\/p><p>Nasi wysoko wykwalifikowani specjali\u015bci pomog\u0105 Ci dobra\u0107 odpowiednie rozwi\u0105zania alarmowe, dostosowane do Twoich konkretnych potrzeb i wymaga\u0144. Bez wzgl\u0119du na to, czy chcesz zabezpieczy\u0107 si\u0119 przed w\u0142amaniem, po\u017carem, gazem czy te\u017c innymi zagro\u017ceniami, nasze systemy zapewni\u0105 Ci spok\u00f3j umys\u0142u, wiedz\u0105c \u017ce Tw\u00f3j maj\u0105tek jest chroniony.<\/p><p>Zaufaj naszym systemom alarmowym, aby czu\u0107 si\u0119 bezpiecznie i chroni\u0107 to, co dla Ciebie najwa\u017cniejsze. Skontaktuj si\u0119 z nami ju\u017c dzi\u015b, aby uzyska\u0107 wi\u0119cej informacji i rozpocz\u0105\u0107 dbanie o bezpiecze\u0144stwo swojego otoczenia.<\/p>\t\t\t\t\t\t<\/div>\n\t\t\t\t<\/div>\n\t\t\t\t<div class=\"elementor-element elementor-element-6c28f54c elementor-widget__width-inherit elementor-widget elementor-widget-image\" data-id=\"6c28f54c\" data-element_type=\"widget\" data-widget_type=\"image.default\">\n\t\t\t\t<div class=\"elementor-widget-container\">\n\t\t\t\t\t\t\t\t\t\t\t\t\t<img decoding=\"async\" width=\"1024\" height=\"683\" src=\"https:\/\/kdnetsystem.pl\/strona\/wp-content\/uploads\/2024\/03\/5077-1024x683.jpg\" class=\"elementor-animation-grow attachment-large size-large wp-image-1190\" alt=\"\" srcset=\"https:\/\/kdnetsystem.pl\/strona\/wp-content\/uploads\/2024\/03\/5077-1024x683.jpg 1024w, https:\/\/kdnetsystem.pl\/strona\/wp-content\/uploads\/2024\/03\/5077-300x200.jpg 300w, https:\/\/kdnetsystem.pl\/strona\/wp-content\/uploads\/2024\/03\/5077-768x512.jpg 768w, https:\/\/kdnetsystem.pl\/strona\/wp-content\/uploads\/2024\/03\/5077.jpg 1500w\" sizes=\"(max-width: 1024px) 100vw, 1024px\" \/>\t\t\t\t\t\t\t\t\t\t\t\t\t<\/div>\n\t\t\t\t<\/div>\n\t\t\t\t<div class=\"elementor-element elementor-element-b469bc4 animated-slow elementor-invisible elementor-widget elementor-widget-text-editor\" data-id=\"b469bc4\" data-element_type=\"widget\" data-settings=\"{&quot;_animation&quot;:&quot;fadeInRight&quot;,&quot;_animation_delay&quot;:10}\" data-widget_type=\"text-editor.default\">\n\t\t\t\t<div class=\"elementor-widget-container\">\n\t\t\t\t\t\t\t<h2><strong>Profesjonalna instalacja elektryczna dla bezpiecznego i efektywnego u\u017cytkowania<\/strong><\/h2><p>Nasi do\u015bwiadczeni elektrycy specjalizuj\u0105 si\u0119 w \u015bwiadczeniu kompleksowych us\u0142ug instalacji elektrycznych, kt\u00f3re zapewniaj\u0105 nie tylko bezpiecze\u0144stwo, ale tak\u017ce wysok\u0105 jako\u015b\u0107 i wydajno\u015b\u0107 Twojej instalacji.<\/p><p>Dzi\u0119ki naszemu podej\u015bciu opartemu na zaawansowanych technikach i najnowszych standardach bran\u017cowych, jeste\u015bmy w stanie zapewni\u0107 profesjonalne wykonanie ka\u017cdego projektu instalacji elektrycznej &#8211; od dom\u00f3w jednorodzinnych, przez obiekty komercyjne, a\u017c po wi\u0119ksze kompleksy przemys\u0142owe.<\/p><p>Zaufaj naszemu do\u015bwiadczeniu i wiedzy, aby mie\u0107 pewno\u015b\u0107, \u017ce Twoja instalacja elektryczna zostanie wykonana zgodnie z obowi\u0105zuj\u0105cymi przepisami bezpiecze\u0144stwa oraz b\u0119dzie spe\u0142nia\u0142a wszystkie Twoje oczekiwania.<\/p><p>Skontaktuj si\u0119 z nami ju\u017c dzi\u015b, aby om\u00f3wi\u0107 swoje potrzeby i uzyska\u0107 profesjonalne doradztwo od naszych ekspert\u00f3w w dziedzinie instalacji elektrycznych.<\/p>\t\t\t\t\t\t<\/div>\n\t\t\t\t<\/div>\n\t\t\t\t<div class=\"elementor-element elementor-element-46f8269d elementor-widget__width-inherit elementor-widget elementor-widget-image\" data-id=\"46f8269d\" data-element_type=\"widget\" data-widget_type=\"image.default\">\n\t\t\t\t<div class=\"elementor-widget-container\">\n\t\t\t\t\t\t\t\t\t\t\t\t\t<img decoding=\"async\" src=\"http:\/\/kdnetsystem.pl\/strona\/wp-content\/uploads\/2024\/03\/Sieci-komputerowe-1536x1280-1.webp\" title=\"\" alt=\"\" class=\"elementor-animation-grow\" loading=\"lazy\" \/>\t\t\t\t\t\t\t\t\t\t\t\t\t<\/div>\n\t\t\t\t<\/div>\n\t\t\t\t<div class=\"elementor-element elementor-element-3743168 animated-slow elementor-invisible elementor-widget elementor-widget-text-editor\" data-id=\"3743168\" data-element_type=\"widget\" data-settings=\"{&quot;_animation&quot;:&quot;fadeInLeft&quot;,&quot;_animation_delay&quot;:10}\" data-widget_type=\"text-editor.default\">\n\t\t\t\t<div class=\"elementor-widget-container\">\n\t\t\t\t\t\t\t<h2>Sprawna sie\u0107 LAN i Wi-FI<\/h2><p>Zapewniamy kompleksowe us\u0142ugi instalacji sieci LAN oraz Wi-Fi, kt\u00f3re umo\u017cliwi\u0105 Ci szybk\u0105, niezawodn\u0105 i bezprzewodow\u0105 komunikacj\u0119 w Twoim domu, biurze lub firmie.<\/p><p>Nasi specjali\u015bci posiadaj\u0105 szerok\u0105 wiedz\u0119 i do\u015bwiadczenie w projektowaniu oraz instalacji sieci LAN i Wi-Fi, dopasowuj\u0105c rozwi\u0105zania do indywidualnych potrzeb i wymaga\u0144 klienta. Dzi\u0119ki zaawansowanym technologiom i solidnemu wykonaniu, nasze instalacje zapewniaj\u0105 szybki transfer danych, stabilne po\u0142\u0105czenia oraz bezpieczne korzystanie z sieci internetowej.<\/p><p>Nie wa\u017cne, czy potrzebujesz zmodernizowa\u0107 istniej\u0105c\u0105 infrastruktur\u0119 sieciow\u0105, czy te\u017c zaplanowa\u0107 now\u0105 instalacj\u0119 od podstaw &#8211; mo\u017cesz polega\u0107 na naszym profesjonalizmie i zaanga\u017cowaniu.<\/p><p>Skontaktuj si\u0119 z nami ju\u017c dzi\u015b, aby om\u00f3wi\u0107 swoje potrzeby i uzyska\u0107 profesjonalne doradztwo od naszych ekspert\u00f3w w dziedzinie instalacji sieci LAN i Wi-Fi.<\/p>\t\t\t\t\t\t<\/div>\n\t\t\t\t<\/div>\n\t\t\t\t<div class=\"elementor-element elementor-element-4cab3831 elementor-widget__width-inherit elementor-widget elementor-widget-image\" data-id=\"4cab3831\" data-element_type=\"widget\" data-widget_type=\"image.default\">\n\t\t\t\t<div class=\"elementor-widget-container\">\n\t\t\t\t\t\t\t\t\t\t\t\t\t<img decoding=\"async\" src=\"http:\/\/kdnetsystem.pl\/strona\/wp-content\/uploads\/2024\/03\/Smart-homes-scaled-1.jpg\" title=\"\" alt=\"\" class=\"elementor-animation-grow\" loading=\"lazy\" \/>\t\t\t\t\t\t\t\t\t\t\t\t\t<\/div>\n\t\t\t\t<\/div>\n\t\t\t\t<div class=\"elementor-element elementor-element-70a33b8 animated-slow elementor-invisible elementor-widget elementor-widget-text-editor\" data-id=\"70a33b8\" data-element_type=\"widget\" data-settings=\"{&quot;_animation&quot;:&quot;fadeInRight&quot;,&quot;_animation_delay&quot;:10}\" data-widget_type=\"text-editor.default\">\n\t\t\t\t<div class=\"elementor-widget-container\">\n\t\t\t\t\t\t\t<h2><strong>\u017byj w przysz\u0142o\u015bci ju\u017c dzi\u015b dzi\u0119ki naszemu systemowi Smart Home<\/strong><\/h2><p>Nasz system Smart Home to inteligentne rozwi\u0105zanie, kt\u00f3re umo\u017cliwia Ci kontrol\u0119 nad wszystkimi urz\u0105dzeniami w Twoim domu za pomoc\u0105 jednego prostego interfejsu. Dzi\u0119ki zaawansowanej technologii i inteligentnym urz\u0105dzeniom, mo\u017cesz monitorowa\u0107 i sterowa\u0107 o\u015bwietleniem, ogrzewaniem, klimatyzacj\u0105, roletami, alarmem, oraz innymi urz\u0105dzeniami elektrycznymi, zar\u00f3wno lokalnie, jak i zdalnie, przy u\u017cyciu smartfona czy tabletu.<\/p><p>Nasi do\u015bwiadczeni specjali\u015bci pomog\u0105 Ci zaprojektowa\u0107 i zainstalowa\u0107 system Smart Home, dostosowany do Twoich indywidualnych potrzeb i preferencji. Dzi\u0119ki naszemu systemowi, mo\u017cesz nie tylko zwi\u0119kszy\u0107 komfort \u017cycia, ale tak\u017ce zaoszcz\u0119dzi\u0107 energi\u0119 i pieni\u0105dze poprzez efektywne zarz\u0105dzanie urz\u0105dzeniami w Twoim domu.<\/p><p>Zaufaj nam, aby\u015bmy stworzyli dla Ciebie inteligentny dom, kt\u00f3ry u\u0142atwi Ci \u017cycie i wprowadzi Ci\u0119 w er\u0119 technologicznej rewolucji. Skontaktuj si\u0119 z nami ju\u017c dzi\u015b, aby uzyska\u0107 wi\u0119cej informacji i rozpocz\u0105\u0107 transformacj\u0119 swojego domu dzi\u0119ki naszemu systemowi Smart Home.<\/p>\t\t\t\t\t\t<\/div>\n\t\t\t\t<\/div>\n\t\t\t\t<div class=\"elementor-element elementor-element-696b1521 elementor-widget__width-inherit elementor-widget elementor-widget-image\" data-id=\"696b1521\" data-element_type=\"widget\" data-widget_type=\"image.default\">\n\t\t\t\t<div class=\"elementor-widget-container\">\n\t\t\t\t\t\t\t\t\t\t\t\t\t<img decoding=\"async\" src=\"http:\/\/kdnetsystem.pl\/strona\/wp-content\/uploads\/2024\/03\/strona-internetowa-za-darmo-cover.001.jpeg\" title=\"\" alt=\"\" class=\"elementor-animation-grow\" loading=\"lazy\" \/>\t\t\t\t\t\t\t\t\t\t\t\t\t<\/div>\n\t\t\t\t<\/div>\n\t\t\t\t<div class=\"elementor-element elementor-element-16e1e09a animated-slow elementor-invisible elementor-widget elementor-widget-text-editor\" data-id=\"16e1e09a\" data-element_type=\"widget\" data-settings=\"{&quot;_animation&quot;:&quot;fadeInLeft&quot;,&quot;_animation_delay&quot;:10}\" data-widget_type=\"text-editor.default\">\n\t\t\t\t<div class=\"elementor-widget-container\">\n\t\t\t\t\t\t\t<h2><strong>Twoja obecno\u015b\u0107 online na najwy\u017cszym poziomie<\/strong><\/h2><p>Oferujemy kompleksowe us\u0142ugi tworzenia stron internetowych, aby\u015b m\u00f3g\u0142 skutecznie dotrze\u0107 do swoich klient\u00f3w i rozwija\u0107 swoj\u0105 dzia\u0142alno\u015b\u0107 online.<\/p><p>Nasze us\u0142ugi obejmuj\u0105:<\/p><ul><li>Indywidualne podej\u015bcie do projektowania, aby stworzy\u0107 stron\u0119 dostosowan\u0105 do Twojej marki i cel\u00f3w biznesowych.<\/li><li>Tworzenie responsywnych stron internetowych, kt\u00f3re doskonale wygl\u0105daj\u0105 i dzia\u0142aj\u0105 na wszystkich urz\u0105dzeniach, od komputer\u00f3w po smartfony.<\/li><li>Optymalizacja SEO, aby Twoja strona by\u0142a \u0142atwiejsza do znalezienia w wynikach wyszukiwania i przyci\u0105gn\u0119\u0142a wi\u0119cej ruchu organicznego.<\/li><li>Integracja z systemami zarz\u0105dzania tre\u015bci\u0105 (CMS), co umo\u017cliwia \u0142atwe zarz\u0105dzanie i aktualizowanie tre\u015bci na stronie.<\/li><li>Integracja z narz\u0119dziami analitycznymi, aby\u015b m\u00f3g\u0142 \u015bledzi\u0107 wydajno\u015b\u0107 swojej strony i podejmowa\u0107 najlepsze decyzje biznesowe.<\/li><\/ul><p>Zaufaj nam, aby\u015bmy pomogli Ci zbudowa\u0107 siln\u0105 obecno\u015b\u0107 online i osi\u0105gn\u0119li wsp\u00f3lne sukcesy w \u015bwiecie internetowej promocji.\u00a0<\/p>\t\t\t\t\t\t<\/div>\n\t\t\t\t<\/div>\n\t\t\t\t<div class=\"elementor-element elementor-element-79c08814 elementor-widget__width-inherit elementor-widget elementor-widget-image\" data-id=\"79c08814\" data-element_type=\"widget\" data-widget_type=\"image.default\">\n\t\t\t\t<div class=\"elementor-widget-container\">\n\t\t\t\t\t\t\t\t\t\t\t\t\t<img decoding=\"async\" src=\"http:\/\/kdnetsystem.pl\/strona\/wp-content\/uploads\/2024\/03\/302210.jpg\" title=\"\" alt=\"\" class=\"elementor-animation-grow\" loading=\"lazy\" \/>\t\t\t\t\t\t\t\t\t\t\t\t\t<\/div>\n\t\t\t\t<\/div>\n\t\t\t\t<div class=\"elementor-element elementor-element-48fcc29f animated-slow elementor-invisible elementor-widget elementor-widget-text-editor\" data-id=\"48fcc29f\" data-element_type=\"widget\" data-settings=\"{&quot;_animation&quot;:&quot;fadeInRight&quot;,&quot;_animation_delay&quot;:10}\" data-widget_type=\"text-editor.default\">\n\t\t\t\t<div class=\"elementor-widget-container\">\n\t\t\t\t\t\t\t<h2>Us\u0142ugi informatyczne w KDNetSystem<\/h2><p>W dzisiejszym \u015bwiecie biznesowym niezawodna infrastruktura IT jest kluczowa dla sukcesu firmy. Dlatego oferujemy kompleksowe us\u0142ugi wsparcia IT, kt\u00f3re zapewniaj\u0105 Ci spok\u00f3j ducha i umo\u017cliwiaj\u0105 skupienie si\u0119 na rozwoju swojego biznesu.<\/p><p>Nasze us\u0142ugi wsparcia IT obejmuj\u0105:<\/p><ul><li>Diagnoz\u0119 i rozwi\u0105zywanie problem\u00f3w technicznych.<\/li><li>Konfiguracj\u0119 i zarz\u0105dzanie sieciami komputerowymi.<\/li><li>Monitoring i utrzymanie system\u00f3w informatycznych.<\/li><li>Zabezpieczenia cybernetyczne i ochron\u0119 danych.<\/li><li>Instalacj\u0119 i konfiguracj\u0119 oprogramowania.<\/li><li>Dostosowane rozwi\u0105zania IT, dopasowane do Twoich potrzeb.<\/li><\/ul>\t\t\t\t\t\t<\/div>\n\t\t\t\t<\/div>\n\t\t\t\t<\/div>\n\t\t<div class=\"elementor-element elementor-element-2ecf11b e-flex e-con-boxed e-con e-parent\" data-id=\"2ecf11b\" data-element_type=\"container\" data-core-v316-plus=\"true\">\n\t\t\t\t\t<div class=\"e-con-inner\">\n\t\t\t\t\t<\/div>\n\t\t\t\t<\/div>\n\t\t\t\t<\/div>\n\t\t","protected":false},"excerpt":{"rendered":"<p>Nasza oferta: Monitoring- pe\u0142ny nadz\u00f3r dzi\u0119ki naszym rozwi\u0105zaniom Oferujemy kompleksowe us\u0142ugi monitoringu, kt\u00f3re pozwalaj\u0105 Ci mie\u0107 pe\u0142n\u0105 kontrol\u0119 nad swoim otoczeniem. Dzi\u0119ki zaawansowanym systemom monitoringu, mo\u017cesz mie\u0107 pewno\u015b\u0107, \u017ce Tw\u00f3j dom, biuro lub firma s\u0105 stale pod kontrol\u0105. Do\u015bwiadczeni specjali\u015bci pomog\u0105 Ci dobra\u0107 odpowiednie rozwi\u0105zania monitoringu, dopasowane do Twoich konkretnych potrzeb i wymaga\u0144. Nasze systemy [&hellip;]<\/p>\n","protected":false},"author":1,"featured_media":0,"parent":0,"menu_order":0,"comment_status":"closed","ping_status":"closed","template":"","meta":{"_crdt_document":"","ocean_post_layout":"","ocean_both_sidebars_style":"","ocean_both_sidebars_content_width":0,"ocean_both_sidebars_sidebars_width":0,"ocean_sidebar":"","ocean_second_sidebar":"","ocean_disable_margins":"enable","ocean_add_body_class":"","ocean_shortcode_before_top_bar":"","ocean_shortcode_after_top_bar":"","ocean_shortcode_before_header":"","ocean_shortcode_after_header":"","ocean_has_shortcode":"","ocean_shortcode_after_title":"","ocean_shortcode_before_footer_widgets":"","ocean_shortcode_after_footer_widgets":"","ocean_shortcode_before_footer_bottom":"","ocean_shortcode_after_footer_bottom":"","ocean_display_top_bar":"default","ocean_display_header":"default","ocean_header_style":"","ocean_center_header_left_menu":"","ocean_custom_header_template":"","ocean_custom_logo":0,"ocean_custom_retina_logo":0,"ocean_custom_logo_max_width":0,"ocean_custom_logo_tablet_max_width":0,"ocean_custom_logo_mobile_max_width":0,"ocean_custom_logo_max_height":0,"ocean_custom_logo_tablet_max_height":0,"ocean_custom_logo_mobile_max_height":0,"ocean_header_custom_menu":"","ocean_menu_typo_font_family":"","ocean_menu_typo_font_subset":"","ocean_menu_typo_font_size":0,"ocean_menu_typo_font_size_tablet":0,"ocean_menu_typo_font_size_mobile":0,"ocean_menu_typo_font_size_unit":"px","ocean_menu_typo_font_weight":"","ocean_menu_typo_font_weight_tablet":"","ocean_menu_typo_font_weight_mobile":"","ocean_menu_typo_transform":"","ocean_menu_typo_transform_tablet":"","ocean_menu_typo_transform_mobile":"","ocean_menu_typo_line_height":0,"ocean_menu_typo_line_height_tablet":0,"ocean_menu_typo_line_height_mobile":0,"ocean_menu_typo_line_height_unit":"","ocean_menu_typo_spacing":0,"ocean_menu_typo_spacing_tablet":0,"ocean_menu_typo_spacing_mobile":0,"ocean_menu_typo_spacing_unit":"","ocean_menu_link_color":"","ocean_menu_link_color_hover":"","ocean_menu_link_color_active":"","ocean_menu_link_background":"","ocean_menu_link_hover_background":"","ocean_menu_link_active_background":"","ocean_menu_social_links_bg":"","ocean_menu_social_hover_links_bg":"","ocean_menu_social_links_color":"","ocean_menu_social_hover_links_color":"","ocean_disable_title":"default","ocean_disable_heading":"default","ocean_post_title":"","ocean_post_subheading":"","ocean_post_title_style":"","ocean_post_title_background_color":"","ocean_post_title_background":0,"ocean_post_title_bg_image_position":"","ocean_post_title_bg_image_attachment":"","ocean_post_title_bg_image_repeat":"","ocean_post_title_bg_image_size":"","ocean_post_title_height":0,"ocean_post_title_bg_overlay":0.5,"ocean_post_title_bg_overlay_color":"","ocean_disable_breadcrumbs":"default","ocean_breadcrumbs_color":"","ocean_breadcrumbs_separator_color":"","ocean_breadcrumbs_links_color":"","ocean_breadcrumbs_links_hover_color":"","ocean_display_footer_widgets":"default","ocean_display_footer_bottom":"default","ocean_custom_footer_template":"","footnotes":""},"class_list":["post-1035","page","type-page","status-publish","hentry","entry"],"_links":{"self":[{"href":"https:\/\/kdnetsystem.pl\/strona\/wp-json\/wp\/v2\/pages\/1035","targetHints":{"allow":["GET"]}}],"collection":[{"href":"https:\/\/kdnetsystem.pl\/strona\/wp-json\/wp\/v2\/pages"}],"about":[{"href":"https:\/\/kdnetsystem.pl\/strona\/wp-json\/wp\/v2\/types\/page"}],"author":[{"embeddable":true,"href":"https:\/\/kdnetsystem.pl\/strona\/wp-json\/wp\/v2\/users\/1"}],"replies":[{"embeddable":true,"href":"https:\/\/kdnetsystem.pl\/strona\/wp-json\/wp\/v2\/comments?post=1035"}],"version-history":[{"count":76,"href":"https:\/\/kdnetsystem.pl\/strona\/wp-json\/wp\/v2\/pages\/1035\/revisions"}],"predecessor-version":[{"id":1542,"href":"https:\/\/kdnetsystem.pl\/strona\/wp-json\/wp\/v2\/pages\/1035\/revisions\/1542"}],"wp:attachment":[{"href":"https:\/\/kdnetsystem.pl\/strona\/wp-json\/wp\/v2\/media?parent=1035"}],"curies":[{"name":"wp","href":"https:\/\/api.w.org\/{rel}","templated":true}]}}